{"id":6,"date":"2021-08-17T15:58:50","date_gmt":"2021-08-17T15:58:50","guid":{"rendered":"http:\/\/abaratkereso.hu\/?page_id=6"},"modified":"2021-08-17T18:19:43","modified_gmt":"2021-08-17T18:19:43","slug":"rolunk","status":"publish","type":"page","link":"https:\/\/abaratkereso.hu\/?page_id=6","title":{"rendered":"R\u00f3lam"},"content":{"rendered":"\n<p>Nem vagyok m\u0171v\u00e9sz, sem \u00fczletember, nincs k\u00fcldet\u00e9sem. A negyvenen m\u00e9g nem r\u00e9g\u00f3ta t\u00fal, egyed\u00fcl\u00e1ll\u00f3k\u00e9nt, egy tin\u00e9dzser folyton k\u00edv\u00e1ncsi lelk\u00e9vel l\u00e9tezem. A tanul\u00e1s az egyik l\u00e9telemem. A m\u00e1sik az \u00edr\u00e1s. Ez az els\u0151 igazi blogom, ami\u00e9rt \u00e9n vagyok a felel\u0151s, \u00e9s n\u00e9h\u00e1ny \u00edr\u00e1som megtal\u00e1lhat\u00f3 szerte a neten. <\/p>\n\n\n\n<p>A gyerekkorom a naps\u00fct\u00e9ses &#8217;80-as, &#8217;90-es \u00e9vekben telt, a kamaszom meg a k\u00e9tezresekben. Akkor lett a vil\u00e1g k\u00e1belt\u00e9v\u00e9s nek\u00fcnk, \u00e9s lett\u00fcnk az MTV \u00e9s a RTL\/SAT1\/PRO7 nemzed\u00e9ke. A k\u00f6telez\u0151 orosz mellett fakult\u00e1ci\u00f3ban m\u00e1r angolt (m\u00e1sok n\u00e9metet) tanultam, \u00e9s az anal\u00f3g horv\u00e1t t\u00e9v\u00e9n az eredeti D\u0171n\u00e9t \u00e9s anim\u00e9ket n\u00e9ztem. Sok minden \u00e9rdekel, de semmi mellett nem k\u00f6telezem el magam. <\/p>\n\n\n\n<p>Zene n\u00e9lk\u00fcl l\u00e9tezni sem tudok (kiv\u00e9ve a jazz \u00e9s a h\u00f6rg\u0151s met\u00e1l, de elker\u00fcl\u00f6m az afroamerikai zen\u00e9ket is, minden egy\u00e9b j\u00f6het&#8230; J\u00f6het?). Az olvas\u00e1s szenved\u00e9ly,  de a romantik\u00e1t ker\u00fcl\u00f6m, vagy fogyasztom, de nem heteronormativa szerint. \u00c9s ink\u00e1bb angolul. A kedvenc fantasy-m a Rifter sz\u00e9ria, de m\u00e9g Lord of the Ringsen n\u0151ttem fel. Olvasok mang\u00e1t, manhw\u00e1t, manhu\u00e1t, angolul t\u00f6bbnyire. <\/p>\n\n\n\n<p>N\u00e9zek wuhxi\u00e1t, koreai nyomoz\u00f3s sorozatok, k\u00fcl\u00f6nesen ha van benne n\u00e9mi  fantasy. A jap\u00e1nokt\u00f3l Miyazaki anim\u00e9i a kedvenceim, de im\u00e1dom a Kimi no nawa-t, de ki nem hagyn\u00e9k egy j\u00f3 yaoit vagy BL-t. <\/p>\n\n\n\n<p>Ritk\u00e1n szeretem, ami divatos vagy mindenki kattan\u00e1sa (mint mondjuk az Agymen\u0151k vagy a Money Heist), \u00e9s nem jegyzek meg vicceket. A fut\u00e1s nem az \u00e9n asztalom, de ha kell, tudok kocogni. A t\u00f6meget kihagyom \u00e9s pl\u00e1z\u00e1zni sem j\u00e1rok, az ilyesmi nem sz\u00f3rakoztat.<\/p>\n\n\n\n<p>A bar\u00e1ts\u00e1gban idealista vagyok, \u00e9s hiszek a k\u00f6lcs\u00f6n\u00f6ss\u00e9gben. Nem \u00e1llhatom, ha valaki a jelenl\u00e9temben felveszi a telefont \u00e9s fogad egy h\u00edv\u00e1st, mik\u00f6zben \u00e9n egyik l\u00e1bamr\u00f3l a m\u00e1sikra \u00e1llok r\u00e1 v\u00e1rva. Bosszant a k\u00e9pmutat\u00e1s \u00e9s a k\u00e9tsz\u00edn\u0171s\u00e9g, de n\u00e9ha kell mondani kegyes hazugs\u00e1gokat. Tudok tisztelni arra \u00e9rdemes embereket, \u00e9s r\u00fchellni az \u00e9rdemteleneket.<\/p>\n\n\n\n<p>Ink\u00e1bb HVG, mint N\u0151k lapja. Ink\u00e1bb karamella, mint kaka\u00f3. Ink\u00e1bb introvert\u00e1lt, mint extrovert\u00e1lt. Nekem a F\u00f6ld kerek, nem lapos.<\/p>\n\n\n\n<p>\u00c9s hagyma&#8230; minden ember olyan, mint egy hagyma. Ebben hiszek.<\/p>\n","protected":false},"excerpt":{"rendered":"<p>Nem vagyok m\u0171v\u00e9sz, sem \u00fczletember, nincs k\u00fcldet\u00e9sem. A negyvenen m\u00e9g nem r\u00e9g\u00f3ta t\u00fal, egyed\u00fcl\u00e1ll\u00f3k\u00e9nt, egy tin\u00e9dzser folyton k\u00edv\u00e1ncsi lelk\u00e9vel l\u00e9tezem. A tanul\u00e1s az egyik l\u00e9telemem. A m\u00e1sik az \u00edr\u00e1s. Ez az els\u0151 igazi blogom, ami\u00e9rt \u00e9n vagyok a felel\u0151s, \u00e9s n\u00e9h\u00e1ny \u00edr\u00e1som megtal\u00e1lhat\u00f3 szerte a neten. A gyerekkorom a naps\u00fct\u00e9ses &hellip;<\/p>\n","protected":false},"author":1,"featured_media":0,"parent":0,"menu_order":0,"comment_status":"closed","ping_status":"closed","template":"","meta":{"footnotes":""},"class_list":["post-6","page","type-page","status-publish","hentry"],"_links":{"self":[{"href":"https:\/\/abaratkereso.hu\/index.php?rest_route=\/wp\/v2\/pages\/6","targetHints":{"allow":["GET"]}}],"collection":[{"href":"https:\/\/abaratkereso.hu\/index.php?rest_route=\/wp\/v2\/pages"}],"about":[{"href":"https:\/\/abaratkereso.hu\/index.php?rest_route=\/wp\/v2\/types\/page"}],"author":[{"embeddable":true,"href":"https:\/\/abaratkereso.hu\/index.php?rest_route=\/wp\/v2\/users\/1"}],"replies":[{"embeddable":true,"href":"https:\/\/abaratkereso.hu\/index.php?rest_route=%2Fwp%2Fv2%2Fcomments&post=6"}],"version-history":[{"count":2,"href":"https:\/\/abaratkereso.hu\/index.php?rest_route=\/wp\/v2\/pages\/6\/revisions"}],"predecessor-version":[{"id":50,"href":"https:\/\/abaratkereso.hu\/index.php?rest_route=\/wp\/v2\/pages\/6\/revisions\/50"}],"wp:attachment":[{"href":"https:\/\/abaratkereso.hu\/index.php?rest_route=%2Fwp%2Fv2%2Fmedia&parent=6"}],"curies":[{"name":"wp","href":"https:\/\/api.w.org\/{rel}","templated":true}]}}